{"id":2,"date":"2018-03-30T12:34:47","date_gmt":"2018-03-30T12:34:47","guid":{"rendered":"http:\/\/malagaairportminibus.com\/?page_id=2"},"modified":"2020-09-15T12:33:48","modified_gmt":"2020-09-15T11:33:48","slug":"success","status":"publish","type":"page","link":"https:\/\/www.malagaairportminibus.com\/es\/success\/","title":{"rendered":"Finalizada"},"content":{"rendered":"<p>&nbsp;<\/p>\n<p>La reserva que ha realizado a trav\u00e9s de https:\/\/malagaairportminibus.com\/es\/ ha sido correctamente completada. Nuestro personal se encargar\u00e1 de procesar su reserva envi\u00e1ndole un correo electr\u00f3nico una vez que haya sido aceptada. SU RESERVA A\u00daN NO HA SIDO CONFIRMADA HASTA QUE USTED NO RECIBA DICHA CONFIRMACI\u00d3N A TRAV\u00c9S DEL CORREO ELECTR\u00d3NICO. Dicho email ser\u00e1 enviado dentro de las siguientes horas tras la realizaci\u00f3n de su petici\u00f3n de reserva, en horario de oficina el cual es de Lunes a Viernes de 09:00 a 14:00 y de 16:00 a 19:00. Sabados y Domingos s\u00f3lo en horario de ma\u00f1ana de 10:00 a 13:00<\/p>\n<p>Por favor, confirme que los datos que nos ha proporcionado son correcto y h\u00e1ganos saber lo antes posible si hubiese alg\u00fan error para poder realizar los cambios oportunos lo antes posible. Nos gustar\u00eda informarle que usted puede cancelar de manera totalmente gratu\u00edta su reserva envi\u00e1ndonos un email con su solicitud de cancelaci\u00f3n a la direcci\u00f3n de correo: booking@malagaairportminibus.com<\/p>\n<p>Si usted ha realizado una petici\u00f3n de tr\u00e1nsfer dentro de las 24 horas previas al inicio del servicio, no podemos garantizarle que podamos confirmar su reserva. No obstante, haremos lo posible para poder confirmar dicha reserva inform\u00e1ndole lo antes posible.<\/p>\n<p><strong>Pago<\/strong><\/p>\n<p>Por favor, pague a su conductor en efectivo una vez que haya llegado a su destino. Si usted tuviese una reserva de ida y vuelta y quisiera modificar sus datos de salida (vuelta), por favor, p\u00f3ngase en contacto con nosotros a trav\u00e9s del personal de booking en oficina (no a su conductor). Puede contactar con nosotros v\u00eda tel\u00e9fono al +34 678 79 83 46 o por email a booking@malagaairportminibus.com<\/p>\n","protected":false},"excerpt":{"rendered":"<p>&nbsp; La reserva que ha realizado a trav\u00e9s de https:\/\/malagaairportminibus.com\/es\/ ha sido correctamente completada. Nuestro personal se encargar\u00e1 de procesar su reserva envi\u00e1ndole un correo electr\u00f3nico una vez que haya [&hellip;]<\/p>\n","protected":false},"author":10,"featured_media":0,"parent":0,"menu_order":0,"comment_status":"closed","ping_status":"closed","template":"page-templates\/success.php","meta":{"footnotes":""},"class_list":["post-2","page","type-page","status-publish","hentry"],"yoast_head":"<!-- This site is optimized with the Yoast SEO plugin v26.9 - https:\/\/yoast.com\/product\/yoast-seo-wordpress\/ -->\n<title>Finalizada - Malaga Airport Minibus<\/title>\n<meta name=\"robots\" content=\"index, follow, max-snippet:-1, max-image-preview:large, max-video-preview:-1\" \/>\n<link rel=\"canonical\" href=\"https:\/\/www.malagaairportminibus.com\/success\/\" \/>\n<meta property=\"og:locale\" content=\"es_ES\" \/>\n<meta property=\"og:type\" content=\"article\" \/>\n<meta property=\"og:title\" content=\"Finalizada - Malaga Airport Minibus\" \/>\n<meta property=\"og:description\" content=\"&nbsp; La reserva que ha realizado a trav\u00e9s de https:\/\/malagaairportminibus.com\/es\/ ha sido correctamente completada. Nuestro personal se encargar\u00e1 de procesar su reserva envi\u00e1ndole un correo electr\u00f3nico una vez que haya [&hellip;]\" \/>\n<meta property=\"og:url\" content=\"https:\/\/www.malagaairportminibus.com\/success\/\" \/>\n<meta property=\"og:site_name\" content=\"Malaga Airport Minibus\" \/>\n<meta property=\"article:publisher\" content=\"https:\/\/www.facebook.com\/malagaairportminibustransfers\/\" \/>\n<meta property=\"article:modified_time\" content=\"2020-09-15T11:33:48+00:00\" \/>\n<meta name=\"twitter:card\" content=\"summary_large_image\" \/>\n<meta name=\"twitter:site\" content=\"@roberto56675551\" \/>\n<meta name=\"twitter:label1\" content=\"Tiempo de lectura\" \/>\n\t<meta name=\"twitter:data1\" content=\"1 minuto\" \/>\n<script type=\"application\/ld+json\" class=\"yoast-schema-graph\">{\"@context\":\"https:\/\/schema.org\",\"@graph\":[{\"@type\":\"WebPage\",\"@id\":\"https:\/\/www.malagaairportminibus.com\/success\/\",\"url\":\"https:\/\/www.malagaairportminibus.com\/success\/\",\"name\":\"Finalizada - Malaga Airport Minibus\",\"isPartOf\":{\"@id\":\"https:\/\/www.malagaairportminibus.com\/#website\"},\"datePublished\":\"2018-03-30T12:34:47+00:00\",\"dateModified\":\"2020-09-15T11:33:48+00:00\",\"breadcrumb\":{\"@id\":\"https:\/\/www.malagaairportminibus.com\/success\/#breadcrumb\"},\"inLanguage\":\"es\",\"potentialAction\":[{\"@type\":\"ReadAction\",\"target\":[\"https:\/\/www.malagaairportminibus.com\/success\/\"]}]},{\"@type\":\"BreadcrumbList\",\"@id\":\"https:\/\/www.malagaairportminibus.com\/success\/#breadcrumb\",\"itemListElement\":[{\"@type\":\"ListItem\",\"position\":1,\"name\":\"Home\",\"item\":\"https:\/\/www.malagaairportminibus.com\/traslado-privado-aeropuerto-malaga\/\"},{\"@type\":\"ListItem\",\"position\":2,\"name\":\"Finalizada\"}]},{\"@type\":\"WebSite\",\"@id\":\"https:\/\/www.malagaairportminibus.com\/#website\",\"url\":\"https:\/\/www.malagaairportminibus.com\/\",\"name\":\"Malaga Airport Minibus\",\"description\":\"Minibus Hire Malaga Airport with Driver\",\"publisher\":{\"@id\":\"https:\/\/www.malagaairportminibus.com\/#organization\"},\"potentialAction\":[{\"@type\":\"SearchAction\",\"target\":{\"@type\":\"EntryPoint\",\"urlTemplate\":\"https:\/\/www.malagaairportminibus.com\/?s={search_term_string}\"},\"query-input\":{\"@type\":\"PropertyValueSpecification\",\"valueRequired\":true,\"valueName\":\"search_term_string\"}}],\"inLanguage\":\"es\"},{\"@type\":\"Organization\",\"@id\":\"https:\/\/www.malagaairportminibus.com\/#organization\",\"name\":\"Malaga Airport Minibus \u2013 Private Transfer Services \u2013 minibuses and buses\",\"url\":\"https:\/\/www.malagaairportminibus.com\/\",\"logo\":{\"@type\":\"ImageObject\",\"inLanguage\":\"es\",\"@id\":\"https:\/\/www.malagaairportminibus.com\/#\/schema\/logo\/image\/\",\"url\":\"https:\/\/www.malagaairportminibus.com\/wp-content\/uploads\/2022\/05\/MalagaAirportMinibus_eslogan.png\",\"contentUrl\":\"https:\/\/www.malagaairportminibus.com\/wp-content\/uploads\/2022\/05\/MalagaAirportMinibus_eslogan.png\",\"width\":642,\"height\":648,\"caption\":\"Malaga Airport Minibus \u2013 Private Transfer Services \u2013 minibuses and buses\"},\"image\":{\"@id\":\"https:\/\/www.malagaairportminibus.com\/#\/schema\/logo\/image\/\"},\"sameAs\":[\"https:\/\/www.facebook.com\/malagaairportminibustransfers\/\",\"https:\/\/x.com\/roberto56675551\",\"https:\/\/www.instagram.com\/malaga_airport_minibus\/?hl=es\",\"https:\/\/www.pinterest.es\/malagaairportminibustransfers\/_created\/\"]}]}<\/script>\n<!-- \/ Yoast SEO plugin. -->","yoast_head_json":{"title":"Finalizada - Malaga Airport Minibus","robots":{"index":"index","follow":"follow","max-snippet":"max-snippet:-1","max-image-preview":"max-image-preview:large","max-video-preview":"max-video-preview:-1"},"canonical":"https:\/\/www.malagaairportminibus.com\/success\/","og_locale":"es_ES","og_type":"article","og_title":"Finalizada - Malaga Airport Minibus","og_description":"&nbsp; La reserva que ha realizado a trav\u00e9s de https:\/\/malagaairportminibus.com\/es\/ ha sido correctamente completada. Nuestro personal se encargar\u00e1 de procesar su reserva envi\u00e1ndole un correo electr\u00f3nico una vez que haya [&hellip;]","og_url":"https:\/\/www.malagaairportminibus.com\/success\/","og_site_name":"Malaga Airport Minibus","article_publisher":"https:\/\/www.facebook.com\/malagaairportminibustransfers\/","article_modified_time":"2020-09-15T11:33:48+00:00","twitter_card":"summary_large_image","twitter_site":"@roberto56675551","twitter_misc":{"Tiempo de lectura":"1 minuto"},"schema":{"@context":"https:\/\/schema.org","@graph":[{"@type":"WebPage","@id":"https:\/\/www.malagaairportminibus.com\/success\/","url":"https:\/\/www.malagaairportminibus.com\/success\/","name":"Finalizada - Malaga Airport Minibus","isPartOf":{"@id":"https:\/\/www.malagaairportminibus.com\/#website"},"datePublished":"2018-03-30T12:34:47+00:00","dateModified":"2020-09-15T11:33:48+00:00","breadcrumb":{"@id":"https:\/\/www.malagaairportminibus.com\/success\/#breadcrumb"},"inLanguage":"es","potentialAction":[{"@type":"ReadAction","target":["https:\/\/www.malagaairportminibus.com\/success\/"]}]},{"@type":"BreadcrumbList","@id":"https:\/\/www.malagaairportminibus.com\/success\/#breadcrumb","itemListElement":[{"@type":"ListItem","position":1,"name":"Home","item":"https:\/\/www.malagaairportminibus.com\/traslado-privado-aeropuerto-malaga\/"},{"@type":"ListItem","position":2,"name":"Finalizada"}]},{"@type":"WebSite","@id":"https:\/\/www.malagaairportminibus.com\/#website","url":"https:\/\/www.malagaairportminibus.com\/","name":"Malaga Airport Minibus","description":"Minibus Hire Malaga Airport with Driver","publisher":{"@id":"https:\/\/www.malagaairportminibus.com\/#organization"},"potentialAction":[{"@type":"SearchAction","target":{"@type":"EntryPoint","urlTemplate":"https:\/\/www.malagaairportminibus.com\/?s={search_term_string}"},"query-input":{"@type":"PropertyValueSpecification","valueRequired":true,"valueName":"search_term_string"}}],"inLanguage":"es"},{"@type":"Organization","@id":"https:\/\/www.malagaairportminibus.com\/#organization","name":"Malaga Airport Minibus \u2013 Private Transfer Services \u2013 minibuses and buses","url":"https:\/\/www.malagaairportminibus.com\/","logo":{"@type":"ImageObject","inLanguage":"es","@id":"https:\/\/www.malagaairportminibus.com\/#\/schema\/logo\/image\/","url":"https:\/\/www.malagaairportminibus.com\/wp-content\/uploads\/2022\/05\/MalagaAirportMinibus_eslogan.png","contentUrl":"https:\/\/www.malagaairportminibus.com\/wp-content\/uploads\/2022\/05\/MalagaAirportMinibus_eslogan.png","width":642,"height":648,"caption":"Malaga Airport Minibus \u2013 Private Transfer Services \u2013 minibuses and buses"},"image":{"@id":"https:\/\/www.malagaairportminibus.com\/#\/schema\/logo\/image\/"},"sameAs":["https:\/\/www.facebook.com\/malagaairportminibustransfers\/","https:\/\/x.com\/roberto56675551","https:\/\/www.instagram.com\/malaga_airport_minibus\/?hl=es","https:\/\/www.pinterest.es\/malagaairportminibustransfers\/_created\/"]}]}},"_links":{"self":[{"href":"https:\/\/www.malagaairportminibus.com\/es\/wp-json\/wp\/v2\/pages\/2","targetHints":{"allow":["GET"]}}],"collection":[{"href":"https:\/\/www.malagaairportminibus.com\/es\/wp-json\/wp\/v2\/pages"}],"about":[{"href":"https:\/\/www.malagaairportminibus.com\/es\/wp-json\/wp\/v2\/types\/page"}],"author":[{"embeddable":true,"href":"https:\/\/www.malagaairportminibus.com\/es\/wp-json\/wp\/v2\/users\/10"}],"replies":[{"embeddable":true,"href":"https:\/\/www.malagaairportminibus.com\/es\/wp-json\/wp\/v2\/comments?post=2"}],"version-history":[{"count":2,"href":"https:\/\/www.malagaairportminibus.com\/es\/wp-json\/wp\/v2\/pages\/2\/revisions"}],"predecessor-version":[{"id":10437,"href":"https:\/\/www.malagaairportminibus.com\/es\/wp-json\/wp\/v2\/pages\/2\/revisions\/10437"}],"wp:attachment":[{"href":"https:\/\/www.malagaairportminibus.com\/es\/wp-json\/wp\/v2\/media?parent=2"}],"curies":[{"name":"wp","href":"https:\/\/api.w.org\/{rel}","templated":true}]}}