{"id":11285,"date":"2021-05-10T00:56:01","date_gmt":"2021-05-09T23:56:01","guid":{"rendered":"https:\/\/malagaairportminibus.com\/?page_id=11285"},"modified":"2021-08-01T12:04:44","modified_gmt":"2021-08-01T11:04:44","slug":"vehiculos","status":"publish","type":"page","link":"https:\/\/www.malagaairportminibus.com\/es\/vehiculos\/","title":{"rendered":"Veh\u00edculos"},"content":{"rendered":"<h2>Berlina 1-4 PAX<\/h2>\n<p><a href=\"\/?p=6\"><img loading=\"lazy\" decoding=\"async\" class=\"alignnone wp-image-10396\" src=\"https:\/\/www.malagaairportminibus.com\/wp-content\/uploads\/2018\/04\/renault-latitude-1.png\" alt=\"\" width=\"308\" height=\"232\" \/><\/a><\/p>\n<p>Nuestro veh\u00edculo st\u00e1ndar, para 1 a 4 pasajeros, es un modelo Renault Latitude o similar. Adem\u00e1s de proporcionarles nuestro mejor servicio, el ch\u00f3fer habla espa\u00f1ol nativo. Por favor, compruebe que su equipaje no excede la capacidad de este tipo de veh\u00edculo. M\u00e1ximo 3 maletas medianas. Los skies, bolsas de golf u otros elementos de gran tama\u00f1o no est\u00e1n permitidos en este veh\u00edculo.<\/p>\n<p>&nbsp;<\/p>\n<h2>Ranchera 1-4 PAX<\/h2>\n<p><a href=\"\/?p=40\"><img loading=\"lazy\" decoding=\"async\" class=\"alignnone wp-image-9856\" src=\"https:\/\/www.malagaairportminibus.com\/wp-content\/uploads\/2018\/05\/skoda-300x150.png\" alt=\"\" width=\"304\" height=\"152\" \/><\/a><\/p>\n<p>Para un mejor comfort y asegurarse que su equipaje cabr\u00e1 perfectamente en el malentero, seleccione Station Wagon como su veh\u00edculo a la hora de hacer la reserva. El model es Skoda Octavia ranchera o similar. Elementos como bolsas de golf caben en cantidad limitada, consulte disponibilidad.<\/p>\n<p>&nbsp;<\/p>\n<h2>Miniv\u00e1n hasta 7 PAX y Miniv\u00e1n VIP Class<\/h2>\n<p><a href=\"\/?p=41\"><img loading=\"lazy\" decoding=\"async\" class=\"alignnone wp-image-9867 size-medium\" src=\"https:\/\/www.malagaairportminibus.com\/wp-content\/uploads\/2018\/05\/vito-300x176.png\" alt=\"\" width=\"300\" height=\"176\" \/><\/a><\/p>\n<p>Veh\u00edculo para hasta siete pasajeros y\/o para equipajes muy voluminosos, tales como silla de ruedas plegable, bolsas de golf o skies. En caso de que traiga usted uno o varios de estos elementos, la elecci\u00f3n acertada es sin duda la miniv\u00e1n. El modelo es Mercedes Vito o similar.<\/p>\n<p>Tambi\u00e9n disponibles miniv\u00e1n de lujo para servicios VIP.<\/p>\n<p>&nbsp;<\/p>\n<h2>Opci\u00f3n VIP, coche de alta gama 1-4 PAX y MiniVan 7 PAX<\/h2>\n<p><a href=\"\/?p=210\"><img loading=\"lazy\" decoding=\"async\" class=\"alignnone wp-image-10393\" src=\"https:\/\/malagaairportminibus.com\/wp-content\/uploads\/2018\/08\/118-1181068_mercedes-car-png-mercedes-benz-s-class-2018-e1606353713430.png\" alt=\"\" width=\"313\" height=\"150\" \/><\/a><\/p>\n<p>Si desea reservar un veh\u00edculo de alta gama como un Mercedes Clase S o similar o la miniv\u00e1n Mercedes Clase V, puede usted reservarlo en nuestra web. Adem\u00e1s de disfrutar de un veh\u00edculo de excelente calidad, le proporcionaremos un servicio superior incluyendo una botella de agua por pasajeros y el uso de autopistas de peaje que ya estar\u00e1n incluidas en el precio final.<\/p>\n<p>&nbsp;<\/p>\n<h2>Minib\u00fas hasta 20 pasajeros y autobuses especiales de gran capacidad hasta 55 pasajeros.<\/h2>\n<h2><a style=\"font-size: 16px;\" href=\"\/?p=42\"><img loading=\"lazy\" decoding=\"async\" class=\"alignnone wp-image-10390\" src=\"https:\/\/www.malagaairportminibus.com\/wp-content\/uploads\/2018\/05\/Volvo-Bus-Transparent-Background.png\" alt=\"\" width=\"305\" height=\"202\" \/><\/a><\/h2>\n<p>Disponemos de flota de autobuses para cubrir la demanda de veh\u00edculos desde 8 hasta 55 plazas.<\/p>\n","protected":false},"excerpt":{"rendered":"<p>Berlina 1-4 PAX Nuestro veh\u00edculo st\u00e1ndar, para 1 a 4 pasajeros, es un modelo Renault Latitude o similar. Adem\u00e1s de proporcionarles nuestro mejor servicio, el ch\u00f3fer habla espa\u00f1ol nativo. Por [&hellip;]<\/p>\n","protected":false},"author":10,"featured_media":0,"parent":0,"menu_order":0,"comment_status":"closed","ping_status":"closed","template":"","meta":{"footnotes":""},"class_list":["post-11285","page","type-page","status-publish","hentry"],"yoast_head":"<!-- This site is optimized with the Yoast SEO plugin v26.9 - https:\/\/yoast.com\/product\/yoast-seo-wordpress\/ -->\n<title>Veh\u00edculos - Malaga Airport Minibus<\/title>\n<meta name=\"robots\" content=\"index, follow, max-snippet:-1, max-image-preview:large, max-video-preview:-1\" \/>\n<link rel=\"canonical\" href=\"https:\/\/www.malagaairportminibus.com\/vehiculos\/\" \/>\n<meta property=\"og:locale\" content=\"es_ES\" \/>\n<meta property=\"og:type\" content=\"article\" \/>\n<meta property=\"og:title\" content=\"Veh\u00edculos - Malaga Airport Minibus\" \/>\n<meta property=\"og:description\" content=\"Berlina 1-4 PAX Nuestro veh\u00edculo st\u00e1ndar, para 1 a 4 pasajeros, es un modelo Renault Latitude o similar. Adem\u00e1s de proporcionarles nuestro mejor servicio, el ch\u00f3fer habla espa\u00f1ol nativo. Por [&hellip;]\" \/>\n<meta property=\"og:url\" content=\"https:\/\/www.malagaairportminibus.com\/vehiculos\/\" \/>\n<meta property=\"og:site_name\" content=\"Malaga Airport Minibus\" \/>\n<meta property=\"article:publisher\" content=\"https:\/\/www.facebook.com\/malagaairportminibustransfers\/\" \/>\n<meta property=\"article:modified_time\" content=\"2021-08-01T11:04:44+00:00\" \/>\n<meta property=\"og:image\" content=\"https:\/\/www.malagaairportminibus.com\/wp-content\/uploads\/2018\/04\/renault-latitude-1.png\" \/>\n<meta name=\"twitter:card\" content=\"summary_large_image\" \/>\n<meta name=\"twitter:site\" content=\"@roberto56675551\" \/>\n<meta name=\"twitter:label1\" content=\"Tiempo de lectura\" \/>\n\t<meta name=\"twitter:data1\" content=\"3 minutos\" \/>\n<script type=\"application\/ld+json\" class=\"yoast-schema-graph\">{\"@context\":\"https:\/\/schema.org\",\"@graph\":[{\"@type\":\"WebPage\",\"@id\":\"https:\/\/www.malagaairportminibus.com\/vehiculos\/\",\"url\":\"https:\/\/www.malagaairportminibus.com\/vehiculos\/\",\"name\":\"Veh\u00edculos - Malaga Airport Minibus\",\"isPartOf\":{\"@id\":\"https:\/\/www.malagaairportminibus.com\/#website\"},\"primaryImageOfPage\":{\"@id\":\"https:\/\/www.malagaairportminibus.com\/vehiculos\/#primaryimage\"},\"image\":{\"@id\":\"https:\/\/www.malagaairportminibus.com\/vehiculos\/#primaryimage\"},\"thumbnailUrl\":\"https:\/\/www.malagaairportminibus.com\/wp-content\/uploads\/2018\/04\/renault-latitude-1.png\",\"datePublished\":\"2021-05-09T23:56:01+00:00\",\"dateModified\":\"2021-08-01T11:04:44+00:00\",\"breadcrumb\":{\"@id\":\"https:\/\/www.malagaairportminibus.com\/vehiculos\/#breadcrumb\"},\"inLanguage\":\"es\",\"potentialAction\":[{\"@type\":\"ReadAction\",\"target\":[\"https:\/\/www.malagaairportminibus.com\/vehiculos\/\"]}]},{\"@type\":\"ImageObject\",\"inLanguage\":\"es\",\"@id\":\"https:\/\/www.malagaairportminibus.com\/vehiculos\/#primaryimage\",\"url\":\"https:\/\/www.malagaairportminibus.com\/wp-content\/uploads\/2018\/04\/renault-latitude-1.png\",\"contentUrl\":\"https:\/\/www.malagaairportminibus.com\/wp-content\/uploads\/2018\/04\/renault-latitude-1.png\"},{\"@type\":\"BreadcrumbList\",\"@id\":\"https:\/\/www.malagaairportminibus.com\/vehiculos\/#breadcrumb\",\"itemListElement\":[{\"@type\":\"ListItem\",\"position\":1,\"name\":\"Home\",\"item\":\"https:\/\/www.malagaairportminibus.com\/traslado-privado-aeropuerto-malaga\/\"},{\"@type\":\"ListItem\",\"position\":2,\"name\":\"Veh\u00edculos\"}]},{\"@type\":\"WebSite\",\"@id\":\"https:\/\/www.malagaairportminibus.com\/#website\",\"url\":\"https:\/\/www.malagaairportminibus.com\/\",\"name\":\"Malaga Airport Minibus\",\"description\":\"Minibus Hire Malaga Airport with Driver\",\"publisher\":{\"@id\":\"https:\/\/www.malagaairportminibus.com\/#organization\"},\"potentialAction\":[{\"@type\":\"SearchAction\",\"target\":{\"@type\":\"EntryPoint\",\"urlTemplate\":\"https:\/\/www.malagaairportminibus.com\/?s={search_term_string}\"},\"query-input\":{\"@type\":\"PropertyValueSpecification\",\"valueRequired\":true,\"valueName\":\"search_term_string\"}}],\"inLanguage\":\"es\"},{\"@type\":\"Organization\",\"@id\":\"https:\/\/www.malagaairportminibus.com\/#organization\",\"name\":\"Malaga Airport Minibus \u2013 Private Transfer Services \u2013 minibuses and buses\",\"url\":\"https:\/\/www.malagaairportminibus.com\/\",\"logo\":{\"@type\":\"ImageObject\",\"inLanguage\":\"es\",\"@id\":\"https:\/\/www.malagaairportminibus.com\/#\/schema\/logo\/image\/\",\"url\":\"https:\/\/www.malagaairportminibus.com\/wp-content\/uploads\/2022\/05\/MalagaAirportMinibus_eslogan.png\",\"contentUrl\":\"https:\/\/www.malagaairportminibus.com\/wp-content\/uploads\/2022\/05\/MalagaAirportMinibus_eslogan.png\",\"width\":642,\"height\":648,\"caption\":\"Malaga Airport Minibus \u2013 Private Transfer Services \u2013 minibuses and buses\"},\"image\":{\"@id\":\"https:\/\/www.malagaairportminibus.com\/#\/schema\/logo\/image\/\"},\"sameAs\":[\"https:\/\/www.facebook.com\/malagaairportminibustransfers\/\",\"https:\/\/x.com\/roberto56675551\",\"https:\/\/www.instagram.com\/malaga_airport_minibus\/?hl=es\",\"https:\/\/www.pinterest.es\/malagaairportminibustransfers\/_created\/\"]}]}<\/script>\n<!-- \/ Yoast SEO plugin. -->","yoast_head_json":{"title":"Veh\u00edculos - Malaga Airport Minibus","robots":{"index":"index","follow":"follow","max-snippet":"max-snippet:-1","max-image-preview":"max-image-preview:large","max-video-preview":"max-video-preview:-1"},"canonical":"https:\/\/www.malagaairportminibus.com\/vehiculos\/","og_locale":"es_ES","og_type":"article","og_title":"Veh\u00edculos - Malaga Airport Minibus","og_description":"Berlina 1-4 PAX Nuestro veh\u00edculo st\u00e1ndar, para 1 a 4 pasajeros, es un modelo Renault Latitude o similar. Adem\u00e1s de proporcionarles nuestro mejor servicio, el ch\u00f3fer habla espa\u00f1ol nativo. Por [&hellip;]","og_url":"https:\/\/www.malagaairportminibus.com\/vehiculos\/","og_site_name":"Malaga Airport Minibus","article_publisher":"https:\/\/www.facebook.com\/malagaairportminibustransfers\/","article_modified_time":"2021-08-01T11:04:44+00:00","og_image":[{"url":"https:\/\/www.malagaairportminibus.com\/wp-content\/uploads\/2018\/04\/renault-latitude-1.png","type":"","width":"","height":""}],"twitter_card":"summary_large_image","twitter_site":"@roberto56675551","twitter_misc":{"Tiempo de lectura":"3 minutos"},"schema":{"@context":"https:\/\/schema.org","@graph":[{"@type":"WebPage","@id":"https:\/\/www.malagaairportminibus.com\/vehiculos\/","url":"https:\/\/www.malagaairportminibus.com\/vehiculos\/","name":"Veh\u00edculos - Malaga Airport Minibus","isPartOf":{"@id":"https:\/\/www.malagaairportminibus.com\/#website"},"primaryImageOfPage":{"@id":"https:\/\/www.malagaairportminibus.com\/vehiculos\/#primaryimage"},"image":{"@id":"https:\/\/www.malagaairportminibus.com\/vehiculos\/#primaryimage"},"thumbnailUrl":"https:\/\/www.malagaairportminibus.com\/wp-content\/uploads\/2018\/04\/renault-latitude-1.png","datePublished":"2021-05-09T23:56:01+00:00","dateModified":"2021-08-01T11:04:44+00:00","breadcrumb":{"@id":"https:\/\/www.malagaairportminibus.com\/vehiculos\/#breadcrumb"},"inLanguage":"es","potentialAction":[{"@type":"ReadAction","target":["https:\/\/www.malagaairportminibus.com\/vehiculos\/"]}]},{"@type":"ImageObject","inLanguage":"es","@id":"https:\/\/www.malagaairportminibus.com\/vehiculos\/#primaryimage","url":"https:\/\/www.malagaairportminibus.com\/wp-content\/uploads\/2018\/04\/renault-latitude-1.png","contentUrl":"https:\/\/www.malagaairportminibus.com\/wp-content\/uploads\/2018\/04\/renault-latitude-1.png"},{"@type":"BreadcrumbList","@id":"https:\/\/www.malagaairportminibus.com\/vehiculos\/#breadcrumb","itemListElement":[{"@type":"ListItem","position":1,"name":"Home","item":"https:\/\/www.malagaairportminibus.com\/traslado-privado-aeropuerto-malaga\/"},{"@type":"ListItem","position":2,"name":"Veh\u00edculos"}]},{"@type":"WebSite","@id":"https:\/\/www.malagaairportminibus.com\/#website","url":"https:\/\/www.malagaairportminibus.com\/","name":"Malaga Airport Minibus","description":"Minibus Hire Malaga Airport with Driver","publisher":{"@id":"https:\/\/www.malagaairportminibus.com\/#organization"},"potentialAction":[{"@type":"SearchAction","target":{"@type":"EntryPoint","urlTemplate":"https:\/\/www.malagaairportminibus.com\/?s={search_term_string}"},"query-input":{"@type":"PropertyValueSpecification","valueRequired":true,"valueName":"search_term_string"}}],"inLanguage":"es"},{"@type":"Organization","@id":"https:\/\/www.malagaairportminibus.com\/#organization","name":"Malaga Airport Minibus \u2013 Private Transfer Services \u2013 minibuses and buses","url":"https:\/\/www.malagaairportminibus.com\/","logo":{"@type":"ImageObject","inLanguage":"es","@id":"https:\/\/www.malagaairportminibus.com\/#\/schema\/logo\/image\/","url":"https:\/\/www.malagaairportminibus.com\/wp-content\/uploads\/2022\/05\/MalagaAirportMinibus_eslogan.png","contentUrl":"https:\/\/www.malagaairportminibus.com\/wp-content\/uploads\/2022\/05\/MalagaAirportMinibus_eslogan.png","width":642,"height":648,"caption":"Malaga Airport Minibus \u2013 Private Transfer Services \u2013 minibuses and buses"},"image":{"@id":"https:\/\/www.malagaairportminibus.com\/#\/schema\/logo\/image\/"},"sameAs":["https:\/\/www.facebook.com\/malagaairportminibustransfers\/","https:\/\/x.com\/roberto56675551","https:\/\/www.instagram.com\/malaga_airport_minibus\/?hl=es","https:\/\/www.pinterest.es\/malagaairportminibustransfers\/_created\/"]}]}},"_links":{"self":[{"href":"https:\/\/www.malagaairportminibus.com\/es\/wp-json\/wp\/v2\/pages\/11285","targetHints":{"allow":["GET"]}}],"collection":[{"href":"https:\/\/www.malagaairportminibus.com\/es\/wp-json\/wp\/v2\/pages"}],"about":[{"href":"https:\/\/www.malagaairportminibus.com\/es\/wp-json\/wp\/v2\/types\/page"}],"author":[{"embeddable":true,"href":"https:\/\/www.malagaairportminibus.com\/es\/wp-json\/wp\/v2\/users\/10"}],"replies":[{"embeddable":true,"href":"https:\/\/www.malagaairportminibus.com\/es\/wp-json\/wp\/v2\/comments?post=11285"}],"version-history":[{"count":2,"href":"https:\/\/www.malagaairportminibus.com\/es\/wp-json\/wp\/v2\/pages\/11285\/revisions"}],"predecessor-version":[{"id":11553,"href":"https:\/\/www.malagaairportminibus.com\/es\/wp-json\/wp\/v2\/pages\/11285\/revisions\/11553"}],"wp:attachment":[{"href":"https:\/\/www.malagaairportminibus.com\/es\/wp-json\/wp\/v2\/media?parent=11285"}],"curies":[{"name":"wp","href":"https:\/\/api.w.org\/{rel}","templated":true}]}}