{"id":10591,"date":"2020-10-23T23:52:49","date_gmt":"2020-10-23T22:52:49","guid":{"rendered":"https:\/\/malagaairportminibus.com\/?page_id=10591"},"modified":"2021-08-01T12:06:47","modified_gmt":"2021-08-01T11:06:47","slug":"blog-es-2","status":"publish","type":"page","link":"https:\/\/www.malagaairportminibus.com\/es\/blog-es-2\/","title":{"rendered":"Blogs"},"content":{"rendered":"<h2><span style=\"color: #333399;\"><a style=\"color: #333399;\" href=\"https:\/\/www.malagaairportminibus.com\/es\/?p=10502\">Granada por un d\u00eda<\/a><a style=\"color: #333399;\" href=\"https:\/\/www.malagaairportminibus.com\/es\/?p=10502\"><img loading=\"lazy\" decoding=\"async\" class=\"alignnone wp-image-10523 size-thumbnail\" src=\"https:\/\/www.malagaairportminibus.com\/wp-content\/uploads\/2020\/09\/granada-150x150.jpg\" alt=\"\" width=\"150\" height=\"150\" \/><\/a><\/span><\/h2>\n<h2><span style=\"color: #333399;\"><a style=\"color: #333399;\" href=\"https:\/\/www.malagaairportminibus.com\/es\/?p=361\">Visitas y excursiones: La Alhambra<\/a><a style=\"color: #333399;\" href=\"https:\/\/www.malagaairportminibus.com\/es\/?p=361\"><img loading=\"lazy\" decoding=\"async\" class=\"alignnone wp-image-10486 size-thumbnail\" src=\"https:\/\/www.malagaairportminibus.com\/wp-content\/uploads\/2018\/09\/silla-del-moro-2-150x150.jpg\" alt=\"\" width=\"150\" height=\"150\" \/><\/a><\/span><\/h2>\n<h2><span style=\"color: #333399;\"><a style=\"color: #333399;\" href=\"https:\/\/www.malagaairportminibus.com\/es\/?p=10577\">Visita guiada a la Alhambra y ciudad, gu\u00eda oficial<\/a><a style=\"color: #333399;\" href=\"https:\/\/www.malagaairportminibus.com\/es\/?p=10577\" target=\"_blank\" rel=\"https:\/\/malagaairportminibus.com\/es\/visita-guiada-a-la-alhambra-guia-oficial\/ noopener noreferrer\"><img loading=\"lazy\" decoding=\"async\" class=\"alignnone wp-image-10571 size-thumbnail\" title=\"gu\u00eda oficial alhambra\" src=\"https:\/\/www.malagaairportminibus.com\/wp-content\/uploads\/2018\/09\/WhatsApp-Image-2020-10-23-at-19.41.10-150x150.jpeg\" alt=\"guia oficial alhambra\" width=\"150\" height=\"150\" \/><\/a><\/span><\/h2>\n<h2><span style=\"color: #333399;\"><a style=\"color: #333399;\" href=\"https:\/\/www.malagaairportminibus.com\/es\/?p=364\">Ronda, la joya de la serran\u00eda <\/a><a style=\"color: #333399;\" href=\"https:\/\/www.malagaairportminibus.com\/es\/?p=364\"><img loading=\"lazy\" decoding=\"async\" class=\"alignnone wp-image-10614 size-thumbnail\" src=\"https:\/\/www.malagaairportminibus.com\/wp-content\/uploads\/2018\/09\/PC090079-150x150.jpg\" alt=\"\" width=\"150\" height=\"150\" \/><\/a><\/span><\/h2>\n<h2><span style=\"color: #333399;\"><a style=\"color: #333399;\" href=\"\/?p=10634\">Visita y almuerzo en Ronda<\/a><a style=\"color: #333399;\" href=\"\/?p=10634\"><img loading=\"lazy\" decoding=\"async\" class=\"alignnone wp-image-10651 size-thumbnail\" src=\"https:\/\/www.malagaairportminibus.com\/wp-content\/uploads\/2020\/10\/Polish_20201031_145454663-150x150.jpg\" alt=\"\" width=\"150\" height=\"150\" \/><\/a><\/span><\/h2>\n<h2><a href=\"\/?p=11277\"><span style=\"color: #333399;\">Visita y Almuerzo en Finca el Pinero <\/span><\/a><span style=\"color: #333399;\">(producci\u00f3n de frutos tropicales)<\/span> <a href=\"\/?p=11277\"><img loading=\"lazy\" decoding=\"async\" class=\"alignnone wp-image-11208 size-thumbnail\" src=\"https:\/\/www.malagaairportminibus.com\/wp-content\/uploads\/2021\/04\/portada-el-pinero-1-150x150.jpg\" alt=\"\" width=\"150\" height=\"150\" \/><\/a><\/h2>\n<p>&nbsp;<\/p>\n<p>&nbsp;<\/p>\n","protected":false},"excerpt":{"rendered":"<p>Granada por un d\u00eda Visitas y excursiones: La Alhambra Visita guiada a la Alhambra y ciudad, gu\u00eda oficial Ronda, la joya de la serran\u00eda Visita y almuerzo en Ronda Visita [&hellip;]<\/p>\n","protected":false},"author":10,"featured_media":0,"parent":0,"menu_order":101,"comment_status":"closed","ping_status":"closed","template":"","meta":{"footnotes":""},"class_list":["post-10591","page","type-page","status-publish","hentry"],"yoast_head":"<!-- This site is optimized with the Yoast SEO plugin v26.9 - https:\/\/yoast.com\/product\/yoast-seo-wordpress\/ -->\n<title>Blogs - Malaga Airport Minibus<\/title>\n<meta name=\"description\" content=\"Te proporcionamos informaci\u00f3n interesante acerca de tu pr\u00f3xima visita a algunos lugares de Andaluc\u00eda\" \/>\n<meta name=\"robots\" content=\"index, follow, max-snippet:-1, max-image-preview:large, max-video-preview:-1\" \/>\n<link rel=\"canonical\" href=\"https:\/\/www.malagaairportminibus.com\/blog-es-2\/\" \/>\n<meta property=\"og:locale\" content=\"es_ES\" \/>\n<meta property=\"og:type\" content=\"article\" \/>\n<meta property=\"og:title\" content=\"Blogs - Malaga Airport Minibus\" \/>\n<meta property=\"og:description\" content=\"Te proporcionamos informaci\u00f3n interesante acerca de tu pr\u00f3xima visita a algunos lugares de Andaluc\u00eda\" \/>\n<meta property=\"og:url\" content=\"https:\/\/www.malagaairportminibus.com\/blog-es-2\/\" \/>\n<meta property=\"og:site_name\" content=\"Malaga Airport Minibus\" \/>\n<meta property=\"article:publisher\" content=\"https:\/\/www.facebook.com\/malagaairportminibustransfers\/\" \/>\n<meta property=\"article:modified_time\" content=\"2021-08-01T11:06:47+00:00\" \/>\n<meta property=\"og:image\" content=\"https:\/\/www.malagaairportminibus.com\/wp-content\/uploads\/2020\/09\/granada-150x150.jpg\" \/>\n<meta name=\"twitter:card\" content=\"summary_large_image\" \/>\n<meta name=\"twitter:site\" content=\"@roberto56675551\" \/>\n<meta name=\"twitter:label1\" content=\"Tiempo de lectura\" \/>\n\t<meta name=\"twitter:data1\" content=\"2 minutos\" \/>\n<script type=\"application\/ld+json\" class=\"yoast-schema-graph\">{\"@context\":\"https:\/\/schema.org\",\"@graph\":[{\"@type\":\"WebPage\",\"@id\":\"https:\/\/www.malagaairportminibus.com\/blog-es-2\/\",\"url\":\"https:\/\/www.malagaairportminibus.com\/blog-es-2\/\",\"name\":\"Blogs - Malaga Airport Minibus\",\"isPartOf\":{\"@id\":\"https:\/\/www.malagaairportminibus.com\/#website\"},\"primaryImageOfPage\":{\"@id\":\"https:\/\/www.malagaairportminibus.com\/blog-es-2\/#primaryimage\"},\"image\":{\"@id\":\"https:\/\/www.malagaairportminibus.com\/blog-es-2\/#primaryimage\"},\"thumbnailUrl\":\"https:\/\/www.malagaairportminibus.com\/wp-content\/uploads\/2020\/09\/granada-150x150.jpg\",\"datePublished\":\"2020-10-23T22:52:49+00:00\",\"dateModified\":\"2021-08-01T11:06:47+00:00\",\"description\":\"Te proporcionamos informaci\u00f3n interesante acerca de tu pr\u00f3xima visita a algunos lugares de Andaluc\u00eda\",\"breadcrumb\":{\"@id\":\"https:\/\/www.malagaairportminibus.com\/blog-es-2\/#breadcrumb\"},\"inLanguage\":\"es\",\"potentialAction\":[{\"@type\":\"ReadAction\",\"target\":[\"https:\/\/www.malagaairportminibus.com\/blog-es-2\/\"]}]},{\"@type\":\"ImageObject\",\"inLanguage\":\"es\",\"@id\":\"https:\/\/www.malagaairportminibus.com\/blog-es-2\/#primaryimage\",\"url\":\"https:\/\/www.malagaairportminibus.com\/wp-content\/uploads\/2020\/09\/granada-150x150.jpg\",\"contentUrl\":\"https:\/\/www.malagaairportminibus.com\/wp-content\/uploads\/2020\/09\/granada-150x150.jpg\"},{\"@type\":\"BreadcrumbList\",\"@id\":\"https:\/\/www.malagaairportminibus.com\/blog-es-2\/#breadcrumb\",\"itemListElement\":[{\"@type\":\"ListItem\",\"position\":1,\"name\":\"Home\",\"item\":\"https:\/\/www.malagaairportminibus.com\/traslado-privado-aeropuerto-malaga\/\"},{\"@type\":\"ListItem\",\"position\":2,\"name\":\"Blogs\"}]},{\"@type\":\"WebSite\",\"@id\":\"https:\/\/www.malagaairportminibus.com\/#website\",\"url\":\"https:\/\/www.malagaairportminibus.com\/\",\"name\":\"Malaga Airport Minibus\",\"description\":\"Minibus Hire Malaga Airport with Driver\",\"publisher\":{\"@id\":\"https:\/\/www.malagaairportminibus.com\/#organization\"},\"potentialAction\":[{\"@type\":\"SearchAction\",\"target\":{\"@type\":\"EntryPoint\",\"urlTemplate\":\"https:\/\/www.malagaairportminibus.com\/?s={search_term_string}\"},\"query-input\":{\"@type\":\"PropertyValueSpecification\",\"valueRequired\":true,\"valueName\":\"search_term_string\"}}],\"inLanguage\":\"es\"},{\"@type\":\"Organization\",\"@id\":\"https:\/\/www.malagaairportminibus.com\/#organization\",\"name\":\"Malaga Airport Minibus \u2013 Private Transfer Services \u2013 minibuses and buses\",\"url\":\"https:\/\/www.malagaairportminibus.com\/\",\"logo\":{\"@type\":\"ImageObject\",\"inLanguage\":\"es\",\"@id\":\"https:\/\/www.malagaairportminibus.com\/#\/schema\/logo\/image\/\",\"url\":\"https:\/\/www.malagaairportminibus.com\/wp-content\/uploads\/2022\/05\/MalagaAirportMinibus_eslogan.png\",\"contentUrl\":\"https:\/\/www.malagaairportminibus.com\/wp-content\/uploads\/2022\/05\/MalagaAirportMinibus_eslogan.png\",\"width\":642,\"height\":648,\"caption\":\"Malaga Airport Minibus \u2013 Private Transfer Services \u2013 minibuses and buses\"},\"image\":{\"@id\":\"https:\/\/www.malagaairportminibus.com\/#\/schema\/logo\/image\/\"},\"sameAs\":[\"https:\/\/www.facebook.com\/malagaairportminibustransfers\/\",\"https:\/\/x.com\/roberto56675551\",\"https:\/\/www.instagram.com\/malaga_airport_minibus\/?hl=es\",\"https:\/\/www.pinterest.es\/malagaairportminibustransfers\/_created\/\"]}]}<\/script>\n<!-- \/ Yoast SEO plugin. -->","yoast_head_json":{"title":"Blogs - Malaga Airport Minibus","description":"Te proporcionamos informaci\u00f3n interesante acerca de tu pr\u00f3xima visita a algunos lugares de Andaluc\u00eda","robots":{"index":"index","follow":"follow","max-snippet":"max-snippet:-1","max-image-preview":"max-image-preview:large","max-video-preview":"max-video-preview:-1"},"canonical":"https:\/\/www.malagaairportminibus.com\/blog-es-2\/","og_locale":"es_ES","og_type":"article","og_title":"Blogs - Malaga Airport Minibus","og_description":"Te proporcionamos informaci\u00f3n interesante acerca de tu pr\u00f3xima visita a algunos lugares de Andaluc\u00eda","og_url":"https:\/\/www.malagaairportminibus.com\/blog-es-2\/","og_site_name":"Malaga Airport Minibus","article_publisher":"https:\/\/www.facebook.com\/malagaairportminibustransfers\/","article_modified_time":"2021-08-01T11:06:47+00:00","og_image":[{"url":"https:\/\/www.malagaairportminibus.com\/wp-content\/uploads\/2020\/09\/granada-150x150.jpg","type":"","width":"","height":""}],"twitter_card":"summary_large_image","twitter_site":"@roberto56675551","twitter_misc":{"Tiempo de lectura":"2 minutos"},"schema":{"@context":"https:\/\/schema.org","@graph":[{"@type":"WebPage","@id":"https:\/\/www.malagaairportminibus.com\/blog-es-2\/","url":"https:\/\/www.malagaairportminibus.com\/blog-es-2\/","name":"Blogs - Malaga Airport Minibus","isPartOf":{"@id":"https:\/\/www.malagaairportminibus.com\/#website"},"primaryImageOfPage":{"@id":"https:\/\/www.malagaairportminibus.com\/blog-es-2\/#primaryimage"},"image":{"@id":"https:\/\/www.malagaairportminibus.com\/blog-es-2\/#primaryimage"},"thumbnailUrl":"https:\/\/www.malagaairportminibus.com\/wp-content\/uploads\/2020\/09\/granada-150x150.jpg","datePublished":"2020-10-23T22:52:49+00:00","dateModified":"2021-08-01T11:06:47+00:00","description":"Te proporcionamos informaci\u00f3n interesante acerca de tu pr\u00f3xima visita a algunos lugares de Andaluc\u00eda","breadcrumb":{"@id":"https:\/\/www.malagaairportminibus.com\/blog-es-2\/#breadcrumb"},"inLanguage":"es","potentialAction":[{"@type":"ReadAction","target":["https:\/\/www.malagaairportminibus.com\/blog-es-2\/"]}]},{"@type":"ImageObject","inLanguage":"es","@id":"https:\/\/www.malagaairportminibus.com\/blog-es-2\/#primaryimage","url":"https:\/\/www.malagaairportminibus.com\/wp-content\/uploads\/2020\/09\/granada-150x150.jpg","contentUrl":"https:\/\/www.malagaairportminibus.com\/wp-content\/uploads\/2020\/09\/granada-150x150.jpg"},{"@type":"BreadcrumbList","@id":"https:\/\/www.malagaairportminibus.com\/blog-es-2\/#breadcrumb","itemListElement":[{"@type":"ListItem","position":1,"name":"Home","item":"https:\/\/www.malagaairportminibus.com\/traslado-privado-aeropuerto-malaga\/"},{"@type":"ListItem","position":2,"name":"Blogs"}]},{"@type":"WebSite","@id":"https:\/\/www.malagaairportminibus.com\/#website","url":"https:\/\/www.malagaairportminibus.com\/","name":"Malaga Airport Minibus","description":"Minibus Hire Malaga Airport with Driver","publisher":{"@id":"https:\/\/www.malagaairportminibus.com\/#organization"},"potentialAction":[{"@type":"SearchAction","target":{"@type":"EntryPoint","urlTemplate":"https:\/\/www.malagaairportminibus.com\/?s={search_term_string}"},"query-input":{"@type":"PropertyValueSpecification","valueRequired":true,"valueName":"search_term_string"}}],"inLanguage":"es"},{"@type":"Organization","@id":"https:\/\/www.malagaairportminibus.com\/#organization","name":"Malaga Airport Minibus \u2013 Private Transfer Services \u2013 minibuses and buses","url":"https:\/\/www.malagaairportminibus.com\/","logo":{"@type":"ImageObject","inLanguage":"es","@id":"https:\/\/www.malagaairportminibus.com\/#\/schema\/logo\/image\/","url":"https:\/\/www.malagaairportminibus.com\/wp-content\/uploads\/2022\/05\/MalagaAirportMinibus_eslogan.png","contentUrl":"https:\/\/www.malagaairportminibus.com\/wp-content\/uploads\/2022\/05\/MalagaAirportMinibus_eslogan.png","width":642,"height":648,"caption":"Malaga Airport Minibus \u2013 Private Transfer Services \u2013 minibuses and buses"},"image":{"@id":"https:\/\/www.malagaairportminibus.com\/#\/schema\/logo\/image\/"},"sameAs":["https:\/\/www.facebook.com\/malagaairportminibustransfers\/","https:\/\/x.com\/roberto56675551","https:\/\/www.instagram.com\/malaga_airport_minibus\/?hl=es","https:\/\/www.pinterest.es\/malagaairportminibustransfers\/_created\/"]}]}},"_links":{"self":[{"href":"https:\/\/www.malagaairportminibus.com\/es\/wp-json\/wp\/v2\/pages\/10591","targetHints":{"allow":["GET"]}}],"collection":[{"href":"https:\/\/www.malagaairportminibus.com\/es\/wp-json\/wp\/v2\/pages"}],"about":[{"href":"https:\/\/www.malagaairportminibus.com\/es\/wp-json\/wp\/v2\/types\/page"}],"author":[{"embeddable":true,"href":"https:\/\/www.malagaairportminibus.com\/es\/wp-json\/wp\/v2\/users\/10"}],"replies":[{"embeddable":true,"href":"https:\/\/www.malagaairportminibus.com\/es\/wp-json\/wp\/v2\/comments?post=10591"}],"version-history":[{"count":15,"href":"https:\/\/www.malagaairportminibus.com\/es\/wp-json\/wp\/v2\/pages\/10591\/revisions"}],"predecessor-version":[{"id":11554,"href":"https:\/\/www.malagaairportminibus.com\/es\/wp-json\/wp\/v2\/pages\/10591\/revisions\/11554"}],"wp:attachment":[{"href":"https:\/\/www.malagaairportminibus.com\/es\/wp-json\/wp\/v2\/media?parent=10591"}],"curies":[{"name":"wp","href":"https:\/\/api.w.org\/{rel}","templated":true}]}}