{"id":10417,"date":"2020-09-14T16:26:12","date_gmt":"2020-09-14T15:26:12","guid":{"rendered":"https:\/\/malagaairportminibus.com\/?page_id=10417"},"modified":"2021-11-22T00:37:42","modified_gmt":"2021-11-21T23:37:42","slug":"quienes-somos","status":"publish","type":"page","link":"https:\/\/www.malagaairportminibus.com\/es\/quienes-somos\/","title":{"rendered":"Quienes somos"},"content":{"rendered":"<h1><strong>Servicio de transfer privado para el aeropuerto de M\u00e1laga y alquiler de veh\u00edculo con conductor<\/strong><strong style=\"font-size: 16px;\">.<\/strong><\/h1>\n<p><strong><img loading=\"lazy\" decoding=\"async\" class=\"alignnone size-large wp-image-10340\" src=\"https:\/\/www.malagaairportminibus.com\/wp-content\/uploads\/2020\/08\/pexels-adrianna-calvo-58737-1024x366.jpg\" alt=\"\" width=\"1024\" height=\"366\" \/><\/strong><\/p>\n<p><strong>OnMalagaTransfers<\/strong> ofrece servicio de <strong>alquiler de veh\u00edculo con conductor<\/strong> y servicio de <strong>tr\u00e1nsfer privado<\/strong> al <strong>aeropuerto<\/strong>, estaci\u00f3n de <strong>Renfe<\/strong> y <strong>puerto de M\u00e1laga<\/strong>. Realizamos cualquier trayecto a trav\u00e9s de las principales v\u00edas y rutas de <strong>Andaluc\u00eda y Espa\u00f1a<\/strong>. Nuestra flota de veh\u00edculos tiene sede en <strong>Aeropuerto de M\u00e1laga<\/strong> as\u00ed como en <strong>Marbella<\/strong>. Desde un solo pasajero <strong>hasta 55 pasajeros por veh\u00edculo<\/strong>, nuestra flota se compone de coche tipo berlina (4 pasajeros), rancheras (4 pasajeros), furgonetas (7 pasajeros) y autobuses hasta una capacidad m\u00e1xima de 55 pasajeros. As\u00ed pues estamos preparados para ofrecerles servicios integrales de transporte <strong>con nuestros propios medios y no como un mero intermediario<\/strong>. De esta manera podemos atender sus necesidades siempre de manera directa ofreciendo un servicio personalizado.<\/p>\n<p>Nuestra especialidad es la costa andaluza, pero no exclusivamente, desde Almer\u00eda hasta C\u00e1diz: <strong>aeropuertos, hoteles, campos de golf, direcciones privadas, etc.<\/strong><\/p>\n<h3><strong>Realizamos principalmente los siguientes servicios:<\/strong><\/h3>\n<ul>\n<li style=\"text-align: left;\">Transfer privado al aeropuerto, estaci\u00f3n de Renfe y puerto de M\u00e1laga<\/li>\n<li style=\"text-align: left;\">Alquiler de coche con conductor para disposiciones privadas, desde uno hasta 55 pasajeros por veh\u00edculo<\/li>\n<li style=\"text-align: left;\">Visitas tur\u00edsticas y excursiones<\/li>\n<li style=\"text-align: left;\">Traslados para eventos y congresos<\/li>\n<li style=\"text-align: left;\">Servicios personalizados para empresas<\/li>\n<\/ul>\n<h2><strong><img loading=\"lazy\" decoding=\"async\" class=\"alignnone size-large wp-image-10342\" src=\"https:\/\/www.malagaairportminibus.com\/wp-content\/uploads\/2020\/08\/trabajar-por-el-mundo-by-digital-explorer-JqlAekT_sA8-unsplash-1024x768.jpg\" alt=\"\" width=\"1024\" height=\"768\" \/><\/strong><\/h2>\n<h2><\/h2>\n<h2><strong>Historia de la compa\u00f1\u00eda<\/strong><\/h2>\n<p>Bajo su actual denominaci\u00f3n comercial de<strong> OnMalagaTransfers<\/strong>, la compa\u00f1\u00eda <strong>Autocares Idea SL<\/strong> fue fundada en el a\u00f1o 2007. A lo largo de los a\u00f1os hemos adquirido experiencia en el<strong> transporte de pasajeros<\/strong>, especialmente con autobuses de alta capacidad. Adem\u00e1s ofrecemos servicios de alquiler de coche con conductor por medio de nuestras <strong>licencias VTC para veh\u00edculo de 1 hasta 7 pasajeros.<\/strong> Actualmente la experiencia adquirida nos permite ofrecer servicios con altos st\u00e1ndares de <strong>calidad y fiabilidad<\/strong>, principios en los que se basa la identidad de nuestra compa\u00f1\u00eda.<\/p>\n<p>Como resultado de ello, durante todos estos a\u00f1os hemos recibido la <strong>satisfacci\u00f3n y la fidelidad de nuestros clientes<\/strong> garantizando nuestro \u00e9xito durante a\u00f1os.<\/p>\n<p>Algunos de nuestros clientes son: <strong>Ultramar, Ayuntamiento de Estepona, Ayuntamiento de Marbella, Junta de Andalucia<\/strong>, entre otros.<\/p>\n<h2><strong>Ch\u00f3fers<\/strong><\/h2>\n<p><a href=\"\/?p=11520\" rel=\"attachment wp-att-11520\"><img loading=\"lazy\" decoding=\"async\" class=\"alignnone wp-image-11520 size-large\" src=\"https:\/\/www.malagaairportminibus.com\/wp-content\/uploads\/2021\/07\/edited-station-7-1024x671.jpg\" alt=\"\" width=\"1024\" height=\"671\" \/><\/a><\/p>\n<p>Nuestros conductores son experimentados, <strong>altamente profesionales<\/strong>, est\u00e1n elegantemente vestidos y ofrecen una c\u00e1lida bienvenida a nuestros pasajeros. Adem\u00e1s, pueden dirigirse a sus acompa\u00f1antes en<strong> varios idiomas<\/strong> si as\u00ed lo requiriese como son el ingl\u00e9s, alem\u00e1n e italiano (bajo demanda). Ellos le llevar\u00e1n <strong>hasta la misma puerta de su destino<\/strong>. Se encontrar\u00e1 con ellos en la misma sala de llegadas del aeropuerto de M\u00e1laga.<\/p>\n<p>Nuestros conductores ofrecen un <strong>servicio personalizado, atento y amable<\/strong>. Tras el encuentro con su conductor, \u00e9l tomar\u00e1 su equipaje y lo llevar\u00e1 hasta el veh\u00edculo. Para salidas desde su alojamiento, su conductor le recoger\u00e1 en la misma recepci\u00f3n del hotel, en la puerta de su direcci\u00f3n privada o hasta donde sea permitido el acceso al veh\u00edculo.<\/p>\n","protected":false},"excerpt":{"rendered":"<p>Servicio de transfer privado para el aeropuerto de M\u00e1laga y alquiler de veh\u00edculo con conductor. OnMalagaTransfers ofrece servicio de alquiler de veh\u00edculo con conductor y servicio de tr\u00e1nsfer privado al [&hellip;]<\/p>\n","protected":false},"author":10,"featured_media":0,"parent":0,"menu_order":0,"comment_status":"closed","ping_status":"closed","template":"","meta":{"footnotes":""},"class_list":["post-10417","page","type-page","status-publish","hentry"],"yoast_head":"<!-- This site is optimized with the Yoast SEO plugin v26.9 - https:\/\/yoast.com\/product\/yoast-seo-wordpress\/ -->\n<title>Quienes somos - Malaga Airport Minibus<\/title>\n<meta name=\"description\" content=\"M\u00e1laga Airport Minibus es una empresa de traslado privado para o desde el aeropuerto de Malaga y servicios de alquiler de coche con conductor a disposici\u00f3n.\" \/>\n<meta name=\"robots\" content=\"index, follow, max-snippet:-1, max-image-preview:large, max-video-preview:-1\" \/>\n<link rel=\"canonical\" href=\"https:\/\/www.malagaairportminibus.com\/quienes-somos\/\" \/>\n<meta property=\"og:locale\" content=\"es_ES\" \/>\n<meta property=\"og:type\" content=\"article\" \/>\n<meta property=\"og:title\" content=\"Quienes somos - Malaga Airport Minibus\" \/>\n<meta property=\"og:description\" content=\"M\u00e1laga Airport Minibus es una empresa de traslado privado para o desde el aeropuerto de Malaga y servicios de alquiler de coche con conductor a disposici\u00f3n.\" \/>\n<meta property=\"og:url\" content=\"https:\/\/www.malagaairportminibus.com\/quienes-somos\/\" \/>\n<meta property=\"og:site_name\" content=\"Malaga Airport Minibus\" \/>\n<meta property=\"article:publisher\" content=\"https:\/\/www.facebook.com\/malagaairportminibustransfers\/\" \/>\n<meta property=\"article:modified_time\" content=\"2021-11-21T23:37:42+00:00\" \/>\n<meta property=\"og:image\" content=\"https:\/\/www.malagaairportminibus.com\/wp-content\/uploads\/2020\/08\/pexels-adrianna-calvo-58737-1024x366.jpg\" \/>\n<meta name=\"twitter:card\" content=\"summary_large_image\" \/>\n<meta name=\"twitter:site\" content=\"@roberto56675551\" \/>\n<meta name=\"twitter:label1\" content=\"Tiempo de lectura\" \/>\n\t<meta name=\"twitter:data1\" content=\"3 minutos\" \/>\n<script type=\"application\/ld+json\" class=\"yoast-schema-graph\">{\"@context\":\"https:\/\/schema.org\",\"@graph\":[{\"@type\":\"WebPage\",\"@id\":\"https:\/\/www.malagaairportminibus.com\/quienes-somos\/\",\"url\":\"https:\/\/www.malagaairportminibus.com\/quienes-somos\/\",\"name\":\"Quienes somos - Malaga Airport Minibus\",\"isPartOf\":{\"@id\":\"https:\/\/www.malagaairportminibus.com\/#website\"},\"primaryImageOfPage\":{\"@id\":\"https:\/\/www.malagaairportminibus.com\/quienes-somos\/#primaryimage\"},\"image\":{\"@id\":\"https:\/\/www.malagaairportminibus.com\/quienes-somos\/#primaryimage\"},\"thumbnailUrl\":\"https:\/\/www.malagaairportminibus.com\/wp-content\/uploads\/2020\/08\/pexels-adrianna-calvo-58737-1024x366.jpg\",\"datePublished\":\"2020-09-14T15:26:12+00:00\",\"dateModified\":\"2021-11-21T23:37:42+00:00\",\"description\":\"M\u00e1laga Airport Minibus es una empresa de traslado privado para o desde el aeropuerto de Malaga y servicios de alquiler de coche con conductor a disposici\u00f3n.\",\"breadcrumb\":{\"@id\":\"https:\/\/www.malagaairportminibus.com\/quienes-somos\/#breadcrumb\"},\"inLanguage\":\"es\",\"potentialAction\":[{\"@type\":\"ReadAction\",\"target\":[\"https:\/\/www.malagaairportminibus.com\/quienes-somos\/\"]}]},{\"@type\":\"ImageObject\",\"inLanguage\":\"es\",\"@id\":\"https:\/\/www.malagaairportminibus.com\/quienes-somos\/#primaryimage\",\"url\":\"https:\/\/www.malagaairportminibus.com\/wp-content\/uploads\/2020\/08\/pexels-adrianna-calvo-58737-1024x366.jpg\",\"contentUrl\":\"https:\/\/www.malagaairportminibus.com\/wp-content\/uploads\/2020\/08\/pexels-adrianna-calvo-58737-1024x366.jpg\"},{\"@type\":\"BreadcrumbList\",\"@id\":\"https:\/\/www.malagaairportminibus.com\/quienes-somos\/#breadcrumb\",\"itemListElement\":[{\"@type\":\"ListItem\",\"position\":1,\"name\":\"Home\",\"item\":\"https:\/\/www.malagaairportminibus.com\/traslado-privado-aeropuerto-malaga\/\"},{\"@type\":\"ListItem\",\"position\":2,\"name\":\"Quienes somos\"}]},{\"@type\":\"WebSite\",\"@id\":\"https:\/\/www.malagaairportminibus.com\/#website\",\"url\":\"https:\/\/www.malagaairportminibus.com\/\",\"name\":\"Malaga Airport Minibus\",\"description\":\"Minibus Hire Malaga Airport with Driver\",\"publisher\":{\"@id\":\"https:\/\/www.malagaairportminibus.com\/#organization\"},\"potentialAction\":[{\"@type\":\"SearchAction\",\"target\":{\"@type\":\"EntryPoint\",\"urlTemplate\":\"https:\/\/www.malagaairportminibus.com\/?s={search_term_string}\"},\"query-input\":{\"@type\":\"PropertyValueSpecification\",\"valueRequired\":true,\"valueName\":\"search_term_string\"}}],\"inLanguage\":\"es\"},{\"@type\":\"Organization\",\"@id\":\"https:\/\/www.malagaairportminibus.com\/#organization\",\"name\":\"Malaga Airport Minibus \u2013 Private Transfer Services \u2013 minibuses and buses\",\"url\":\"https:\/\/www.malagaairportminibus.com\/\",\"logo\":{\"@type\":\"ImageObject\",\"inLanguage\":\"es\",\"@id\":\"https:\/\/www.malagaairportminibus.com\/#\/schema\/logo\/image\/\",\"url\":\"https:\/\/www.malagaairportminibus.com\/wp-content\/uploads\/2022\/05\/MalagaAirportMinibus_eslogan.png\",\"contentUrl\":\"https:\/\/www.malagaairportminibus.com\/wp-content\/uploads\/2022\/05\/MalagaAirportMinibus_eslogan.png\",\"width\":642,\"height\":648,\"caption\":\"Malaga Airport Minibus \u2013 Private Transfer Services \u2013 minibuses and buses\"},\"image\":{\"@id\":\"https:\/\/www.malagaairportminibus.com\/#\/schema\/logo\/image\/\"},\"sameAs\":[\"https:\/\/www.facebook.com\/malagaairportminibustransfers\/\",\"https:\/\/x.com\/roberto56675551\",\"https:\/\/www.instagram.com\/malaga_airport_minibus\/?hl=es\",\"https:\/\/www.pinterest.es\/malagaairportminibustransfers\/_created\/\"]}]}<\/script>\n<!-- \/ Yoast SEO plugin. -->","yoast_head_json":{"title":"Quienes somos - Malaga Airport Minibus","description":"M\u00e1laga Airport Minibus es una empresa de traslado privado para o desde el aeropuerto de Malaga y servicios de alquiler de coche con conductor a disposici\u00f3n.","robots":{"index":"index","follow":"follow","max-snippet":"max-snippet:-1","max-image-preview":"max-image-preview:large","max-video-preview":"max-video-preview:-1"},"canonical":"https:\/\/www.malagaairportminibus.com\/quienes-somos\/","og_locale":"es_ES","og_type":"article","og_title":"Quienes somos - Malaga Airport Minibus","og_description":"M\u00e1laga Airport Minibus es una empresa de traslado privado para o desde el aeropuerto de Malaga y servicios de alquiler de coche con conductor a disposici\u00f3n.","og_url":"https:\/\/www.malagaairportminibus.com\/quienes-somos\/","og_site_name":"Malaga Airport Minibus","article_publisher":"https:\/\/www.facebook.com\/malagaairportminibustransfers\/","article_modified_time":"2021-11-21T23:37:42+00:00","og_image":[{"url":"https:\/\/www.malagaairportminibus.com\/wp-content\/uploads\/2020\/08\/pexels-adrianna-calvo-58737-1024x366.jpg","type":"","width":"","height":""}],"twitter_card":"summary_large_image","twitter_site":"@roberto56675551","twitter_misc":{"Tiempo de lectura":"3 minutos"},"schema":{"@context":"https:\/\/schema.org","@graph":[{"@type":"WebPage","@id":"https:\/\/www.malagaairportminibus.com\/quienes-somos\/","url":"https:\/\/www.malagaairportminibus.com\/quienes-somos\/","name":"Quienes somos - Malaga Airport Minibus","isPartOf":{"@id":"https:\/\/www.malagaairportminibus.com\/#website"},"primaryImageOfPage":{"@id":"https:\/\/www.malagaairportminibus.com\/quienes-somos\/#primaryimage"},"image":{"@id":"https:\/\/www.malagaairportminibus.com\/quienes-somos\/#primaryimage"},"thumbnailUrl":"https:\/\/www.malagaairportminibus.com\/wp-content\/uploads\/2020\/08\/pexels-adrianna-calvo-58737-1024x366.jpg","datePublished":"2020-09-14T15:26:12+00:00","dateModified":"2021-11-21T23:37:42+00:00","description":"M\u00e1laga Airport Minibus es una empresa de traslado privado para o desde el aeropuerto de Malaga y servicios de alquiler de coche con conductor a disposici\u00f3n.","breadcrumb":{"@id":"https:\/\/www.malagaairportminibus.com\/quienes-somos\/#breadcrumb"},"inLanguage":"es","potentialAction":[{"@type":"ReadAction","target":["https:\/\/www.malagaairportminibus.com\/quienes-somos\/"]}]},{"@type":"ImageObject","inLanguage":"es","@id":"https:\/\/www.malagaairportminibus.com\/quienes-somos\/#primaryimage","url":"https:\/\/www.malagaairportminibus.com\/wp-content\/uploads\/2020\/08\/pexels-adrianna-calvo-58737-1024x366.jpg","contentUrl":"https:\/\/www.malagaairportminibus.com\/wp-content\/uploads\/2020\/08\/pexels-adrianna-calvo-58737-1024x366.jpg"},{"@type":"BreadcrumbList","@id":"https:\/\/www.malagaairportminibus.com\/quienes-somos\/#breadcrumb","itemListElement":[{"@type":"ListItem","position":1,"name":"Home","item":"https:\/\/www.malagaairportminibus.com\/traslado-privado-aeropuerto-malaga\/"},{"@type":"ListItem","position":2,"name":"Quienes somos"}]},{"@type":"WebSite","@id":"https:\/\/www.malagaairportminibus.com\/#website","url":"https:\/\/www.malagaairportminibus.com\/","name":"Malaga Airport Minibus","description":"Minibus Hire Malaga Airport with Driver","publisher":{"@id":"https:\/\/www.malagaairportminibus.com\/#organization"},"potentialAction":[{"@type":"SearchAction","target":{"@type":"EntryPoint","urlTemplate":"https:\/\/www.malagaairportminibus.com\/?s={search_term_string}"},"query-input":{"@type":"PropertyValueSpecification","valueRequired":true,"valueName":"search_term_string"}}],"inLanguage":"es"},{"@type":"Organization","@id":"https:\/\/www.malagaairportminibus.com\/#organization","name":"Malaga Airport Minibus \u2013 Private Transfer Services \u2013 minibuses and buses","url":"https:\/\/www.malagaairportminibus.com\/","logo":{"@type":"ImageObject","inLanguage":"es","@id":"https:\/\/www.malagaairportminibus.com\/#\/schema\/logo\/image\/","url":"https:\/\/www.malagaairportminibus.com\/wp-content\/uploads\/2022\/05\/MalagaAirportMinibus_eslogan.png","contentUrl":"https:\/\/www.malagaairportminibus.com\/wp-content\/uploads\/2022\/05\/MalagaAirportMinibus_eslogan.png","width":642,"height":648,"caption":"Malaga Airport Minibus \u2013 Private Transfer Services \u2013 minibuses and buses"},"image":{"@id":"https:\/\/www.malagaairportminibus.com\/#\/schema\/logo\/image\/"},"sameAs":["https:\/\/www.facebook.com\/malagaairportminibustransfers\/","https:\/\/x.com\/roberto56675551","https:\/\/www.instagram.com\/malaga_airport_minibus\/?hl=es","https:\/\/www.pinterest.es\/malagaairportminibustransfers\/_created\/"]}]}},"_links":{"self":[{"href":"https:\/\/www.malagaairportminibus.com\/es\/wp-json\/wp\/v2\/pages\/10417","targetHints":{"allow":["GET"]}}],"collection":[{"href":"https:\/\/www.malagaairportminibus.com\/es\/wp-json\/wp\/v2\/pages"}],"about":[{"href":"https:\/\/www.malagaairportminibus.com\/es\/wp-json\/wp\/v2\/types\/page"}],"author":[{"embeddable":true,"href":"https:\/\/www.malagaairportminibus.com\/es\/wp-json\/wp\/v2\/users\/10"}],"replies":[{"embeddable":true,"href":"https:\/\/www.malagaairportminibus.com\/es\/wp-json\/wp\/v2\/comments?post=10417"}],"version-history":[{"count":11,"href":"https:\/\/www.malagaairportminibus.com\/es\/wp-json\/wp\/v2\/pages\/10417\/revisions"}],"predecessor-version":[{"id":12005,"href":"https:\/\/www.malagaairportminibus.com\/es\/wp-json\/wp\/v2\/pages\/10417\/revisions\/12005"}],"wp:attachment":[{"href":"https:\/\/www.malagaairportminibus.com\/es\/wp-json\/wp\/v2\/media?parent=10417"}],"curies":[{"name":"wp","href":"https:\/\/api.w.org\/{rel}","templated":true}]}}